{"id":104782,"date":"2024-11-19T12:50:38","date_gmt":"2024-11-19T11:50:38","guid":{"rendered":"https:\/\/diadem.com\/diadem-online\/"},"modified":"2025-01-29T22:06:10","modified_gmt":"2025-01-29T21:06:10","slug":"diadem-online","status":"publish","type":"page","link":"https:\/\/diademroofs.co.uk\/hu\/diadem-online\/","title":{"rendered":"Diadem Online"},"content":{"rendered":"\t\t<div data-elementor-type=\"wp-page\" data-elementor-id=\"104782\" class=\"elementor elementor-104782 elementor-104765\" data-elementor-post-type=\"page\">\n\t\t\t\t<div class=\"elementor-element elementor-element-60fb28a e-flex e-con-boxed e-con e-parent\" data-id=\"60fb28a\" data-element_type=\"container\" data-settings=\"{&quot;background_background&quot;:&quot;classic&quot;}\">\n\t\t\t\t\t<div class=\"e-con-inner\">\n\t\t\t\t<div class=\"elementor-element elementor-element-bc70912 elementor-widget elementor-widget-heading\" data-id=\"bc70912\" data-element_type=\"widget\" data-widget_type=\"heading.default\">\n\t\t\t\t<div class=\"elementor-widget-container\">\n\t\t\t\t\t<h2 class=\"elementor-heading-title elementor-size-default\">Diadem Online<\/h2>\t\t\t\t<\/div>\n\t\t\t\t<\/div>\n\t\t\t\t\t<\/div>\n\t\t\t\t<\/div>\n\t\t<div class=\"elementor-element elementor-element-c1088fc e-flex e-con-boxed e-con e-parent\" data-id=\"c1088fc\" data-element_type=\"container\" data-settings=\"{&quot;background_background&quot;:&quot;classic&quot;}\">\n\t\t\t\t\t<div class=\"e-con-inner\">\n\t\t\t\t<div class=\"elementor-element elementor-element-e506194 elementor-widget elementor-widget-heading\" data-id=\"e506194\" data-element_type=\"widget\" data-widget_type=\"heading.default\">\n\t\t\t\t<div class=\"elementor-widget-container\">\n\t\t\t\t\t<h2 class=\"elementor-heading-title elementor-size-default\">\u00daJ KORSZAK KEZD\u0150DIK!<\/h2>\t\t\t\t<\/div>\n\t\t\t\t<\/div>\n\t\t\t\t<div class=\"elementor-element elementor-element-16155ea elementor-widget elementor-widget-text-editor\" data-id=\"16155ea\" data-element_type=\"widget\" data-widget_type=\"text-editor.default\">\n\t\t\t\t<div class=\"elementor-widget-container\">\n\t\t\t\t\t\t\t\t\t<p style=\"text-align: center;\">T\u00f6lts\u00f6n le be\u00e9p\u00edt\u00e9si \u00fatmutat\u00f3kat kik\u00f6t\u00e9si pontokr\u00f3l a sz\u00e1m\u00edt\u00f3g\u00e9p\u00e9re, vagy okostelefonj\u00e1ra a DIADEM\u00ae Online seg\u00edts\u00e9g\u00e9vel \u2013 egyszer\u0171en \u00e9s gyorsan!<\/p>\n<\/p>\n<p style=\"text-align: center;\">A program l\u00e9trehoz egy PDF-f\u00e1jlt nyomtat\u00e1shoz, ment\u00e9shez vagy tov\u00e1bb\u00edt\u00e1shoz.<\/p>\n<\/p>\n<p style=\"text-align: center;\">A c\u00e9g adatait \u00e9s a projekteket a program automatikusan menti, \u00edgy b\u00e1rmikor el\u00e9rhet\u0151ek.<\/p>\n<\/p>\n<p style=\"text-align: center;\"><strong>V\u00e1gjon bele most!<\/strong><\/p>\n\t\t\t\t\t\t\t\t<\/div>\n\t\t\t\t<\/div>\n\t\t\t\t<div class=\"elementor-element elementor-element-f5b4e2a elementor-align-center elementor-widget elementor-widget-the7_button_widget\" data-id=\"f5b4e2a\" data-element_type=\"widget\" data-widget_type=\"the7_button_widget.default\">\n\t\t\t\t<div class=\"elementor-widget-container\">\n\t\t\t\t\t<div class=\"elementor-button-wrapper\"><a href=\"https:\/\/reg.diadem.com\/#\/\" target=\"_blank\" class=\"box-button elementor-button elementor-size-xl\">KEZD\u00c9S<\/a><\/div>\t\t\t\t<\/div>\n\t\t\t\t<\/div>\n\t\t\t\t\t<\/div>\n\t\t\t\t<\/div>\n\t\t<div class=\"elementor-element elementor-element-02ec986 e-flex e-con-boxed e-con e-parent\" data-id=\"02ec986\" data-element_type=\"container\">\n\t\t\t\t\t<div class=\"e-con-inner\">\n\t\t<div class=\"elementor-element elementor-element-549c700 e-con-full e-flex e-con e-child\" data-id=\"549c700\" data-element_type=\"container\">\n\t\t\t\t<div class=\"elementor-element elementor-element-abdbe73 elementor-widget elementor-widget-text-editor\" data-id=\"abdbe73\" data-element_type=\"widget\" data-widget_type=\"text-editor.default\">\n\t\t\t\t<div class=\"elementor-widget-container\">\n\t\t\t\t\t\t\t\t\t<p><strong><a href=\"https:\/\/www.youtube.com\/watch?v=gHbsxbaqdsE\" target=\"_blank\" rel=\"noopener\" data-saferedirecturl=\"https:\/\/www.google.com\/url?q=https:\/\/www.youtube.com\/watch?v%3DgHbsxbaqdsE&amp;source=gmail&amp;ust=1732107758407000&amp;usg=AOvVaw0uZMz-uO_sFRmQioxyn8R1\">DIADEM\u00ae Online &#8211; Regisztr\u00e1ci\u00f3<\/a><\/strong><\/p>\n\t\t\t\t\t\t\t\t<\/div>\n\t\t\t\t<\/div>\n\t\t\t\t<div class=\"elementor-element elementor-element-543eb8b elementor-widget elementor-widget-video\" data-id=\"543eb8b\" data-element_type=\"widget\" data-settings=\"{&quot;youtube_url&quot;:&quot;https:\\\/\\\/www.youtube.com\\\/watch?v=gHbsxbaqdsE&quot;,&quot;video_type&quot;:&quot;youtube&quot;,&quot;controls&quot;:&quot;yes&quot;}\" data-widget_type=\"video.default\">\n\t\t\t\t<div class=\"elementor-widget-container\">\n\t\t\t\t\t\t\t<div class=\"elementor-wrapper elementor-open-inline\">\n\t\t\t<div class=\"elementor-video\"><\/div>\t\t<\/div>\n\t\t\t\t\t\t<\/div>\n\t\t\t\t<\/div>\n\t\t\t\t<\/div>\n\t\t<div class=\"elementor-element elementor-element-a5081bc e-con-full e-flex e-con e-child\" data-id=\"a5081bc\" data-element_type=\"container\">\n\t\t\t\t<div class=\"elementor-element elementor-element-93ae226 elementor-widget elementor-widget-text-editor\" data-id=\"93ae226\" data-element_type=\"widget\" data-widget_type=\"text-editor.default\">\n\t\t\t\t<div class=\"elementor-widget-container\">\n\t\t\t\t\t\t\t\t\t<p><strong><a href=\"https:\/\/www.youtube.com\/watch?v=LCtrK7UGnvs\" target=\"_blank\" rel=\"noopener\" data-saferedirecturl=\"https:\/\/www.google.com\/url?q=https:\/\/www.youtube.com\/watch?v%3DLCtrK7UGnvs&amp;source=gmail&amp;ust=1732107758407000&amp;usg=AOvVaw0tmt1mQLXE2LKg7rOAw2wj\">DIADEM\u00ae Online &#8211; Projektek megval\u00f3s\u00edt\u00e1sa<\/a><\/strong><\/p>\n\t\t\t\t\t\t\t\t<\/div>\n\t\t\t\t<\/div>\n\t\t\t\t<div class=\"elementor-element elementor-element-d57aeee elementor-widget elementor-widget-video\" data-id=\"d57aeee\" data-element_type=\"widget\" data-settings=\"{&quot;youtube_url&quot;:&quot;https:\\\/\\\/www.youtube.com\\\/watch?v=LCtrK7UGnvs&quot;,&quot;video_type&quot;:&quot;youtube&quot;,&quot;controls&quot;:&quot;yes&quot;}\" data-widget_type=\"video.default\">\n\t\t\t\t<div class=\"elementor-widget-container\">\n\t\t\t\t\t\t\t<div class=\"elementor-wrapper elementor-open-inline\">\n\t\t\t<div class=\"elementor-video\"><\/div>\t\t<\/div>\n\t\t\t\t\t\t<\/div>\n\t\t\t\t<\/div>\n\t\t\t\t<\/div>\n\t\t<div class=\"elementor-element elementor-element-90c73a9 e-con-full e-flex e-con e-child\" data-id=\"90c73a9\" data-element_type=\"container\">\n\t\t\t\t<div class=\"elementor-element elementor-element-9741131 elementor-widget elementor-widget-text-editor\" data-id=\"9741131\" data-element_type=\"widget\" data-widget_type=\"text-editor.default\">\n\t\t\t\t<div class=\"elementor-widget-container\">\n\t\t\t\t\t\t\t\t\t<p><strong><a href=\"https:\/\/www.youtube.com\/watch?v=mjPpccxl0ro\" target=\"_blank\" rel=\"noopener\" data-saferedirecturl=\"https:\/\/www.google.com\/url?q=https:\/\/www.youtube.com\/watch?v%3DmjPpccxl0ro&amp;source=gmail&amp;ust=1732107758407000&amp;usg=AOvVaw2yBUo43jDqFMmtjAzyUVe6\">DIADEM\u00ae Online &#8211; Projektek kezel\u00e9se<\/a><\/strong><\/p>\n\t\t\t\t\t\t\t\t<\/div>\n\t\t\t\t<\/div>\n\t\t\t\t<div class=\"elementor-element elementor-element-d0876cb elementor-widget elementor-widget-video\" data-id=\"d0876cb\" data-element_type=\"widget\" data-settings=\"{&quot;youtube_url&quot;:&quot;https:\\\/\\\/www.youtube.com\\\/watch?v=mjPpccxl0ro&quot;,&quot;video_type&quot;:&quot;youtube&quot;,&quot;controls&quot;:&quot;yes&quot;}\" data-widget_type=\"video.default\">\n\t\t\t\t<div class=\"elementor-widget-container\">\n\t\t\t\t\t\t\t<div class=\"elementor-wrapper elementor-open-inline\">\n\t\t\t<div class=\"elementor-video\"><\/div>\t\t<\/div>\n\t\t\t\t\t\t<\/div>\n\t\t\t\t<\/div>\n\t\t\t\t<\/div>\n\t\t\t\t\t<\/div>\n\t\t\t\t<\/div>\n\t\t\t\t<\/div>\n\t\t","protected":false},"excerpt":{"rendered":"<p>Diadem Online \u00daJ KORSZAK KEZD\u0150DIK! T\u00f6lts\u00f6n le be\u00e9p\u00edt\u00e9si \u00fatmutat\u00f3kat kik\u00f6t\u00e9si pontokr\u00f3l a sz\u00e1m\u00edt\u00f3g\u00e9p\u00e9re, vagy okostelefonj\u00e1ra a DIADEM\u00ae Online seg\u00edts\u00e9g\u00e9vel \u2013 egyszer\u0171en \u00e9s gyorsan! A program l\u00e9trehoz egy PDF-f\u00e1jlt nyomtat\u00e1shoz, ment\u00e9shez vagy tov\u00e1bb\u00edt\u00e1shoz. A c\u00e9g adatait \u00e9s a projekteket a program automatikusan menti, \u00edgy b\u00e1rmikor el\u00e9rhet\u0151ek. V\u00e1gjon bele most! KEZD\u00c9S DIADEM\u00ae Online &#8211; Regisztr\u00e1ci\u00f3 https:\/\/www.youtube.com\/watch?v=gHbsxbaqdsE DIADEM\u00ae&hellip;<\/p>\n","protected":false},"author":1,"featured_media":0,"parent":0,"menu_order":0,"comment_status":"closed","ping_status":"closed","template":"","meta":{"footnotes":""},"class_list":["post-104782","page","type-page","status-publish","hentry"],"_links":{"self":[{"href":"https:\/\/diademroofs.co.uk\/hu\/wp-json\/wp\/v2\/pages\/104782","targetHints":{"allow":["GET"]}}],"collection":[{"href":"https:\/\/diademroofs.co.uk\/hu\/wp-json\/wp\/v2\/pages"}],"about":[{"href":"https:\/\/diademroofs.co.uk\/hu\/wp-json\/wp\/v2\/types\/page"}],"author":[{"embeddable":true,"href":"https:\/\/diademroofs.co.uk\/hu\/wp-json\/wp\/v2\/users\/1"}],"replies":[{"embeddable":true,"href":"https:\/\/diademroofs.co.uk\/hu\/wp-json\/wp\/v2\/comments?post=104782"}],"version-history":[{"count":9,"href":"https:\/\/diademroofs.co.uk\/hu\/wp-json\/wp\/v2\/pages\/104782\/revisions"}],"predecessor-version":[{"id":106767,"href":"https:\/\/diademroofs.co.uk\/hu\/wp-json\/wp\/v2\/pages\/104782\/revisions\/106767"}],"wp:attachment":[{"href":"https:\/\/diademroofs.co.uk\/hu\/wp-json\/wp\/v2\/media?parent=104782"}],"curies":[{"name":"wp","href":"https:\/\/api.w.org\/{rel}","templated":true}]}}