{"id":109684,"date":"2025-04-23T09:44:43","date_gmt":"2025-04-23T08:44:43","guid":{"rendered":"https:\/\/diadem.com\/impresszum\/"},"modified":"2025-04-23T09:58:24","modified_gmt":"2025-04-23T08:58:24","slug":"impresszum","status":"publish","type":"page","link":"https:\/\/diademroofs.co.uk\/hu\/impresszum\/","title":{"rendered":"Impresszum"},"content":{"rendered":"\t\t<div data-elementor-type=\"wp-page\" data-elementor-id=\"109684\" class=\"elementor elementor-109684 elementor-109662\" data-elementor-post-type=\"page\">\n\t\t\t\t<div class=\"elementor-element elementor-element-7490c42 e-flex e-con-boxed e-con e-parent\" data-id=\"7490c42\" data-element_type=\"container\">\n\t\t\t\t\t<div class=\"e-con-inner\">\n\t\t\t\t<div class=\"elementor-element elementor-element-7a96c1a elementor-widget elementor-widget-text-editor\" data-id=\"7a96c1a\" data-element_type=\"widget\" data-widget_type=\"text-editor.default\">\n\t\t\t\t<div class=\"elementor-widget-container\">\n\t\t\t\t\t\t\t\t\t<div class=\"elementor elementor-9037\" data-elementor-type=\"wp-page\" data-elementor-id=\"9037\" data-elementor-post-type=\"page\"><div class=\"elementor-element elementor-element-9c00934 e-flex e-con-boxed e-con e-parent e-lazyloaded\" data-id=\"9c00934\" data-element_type=\"container\"><div class=\"e-con-inner\"><div class=\"elementor-element elementor-element-573a191 elementor-widget elementor-widget-text-editor\" data-id=\"573a191\" data-element_type=\"widget\" data-widget_type=\"text-editor.default\"><div class=\"elementor-widget-container\"><div class=\"elementor-element elementor-element-185cf9e elementor-widget elementor-widget-heading\" data-id=\"185cf9e\" data-element_type=\"widget\" data-widget_type=\"heading.default\"><div class=\"elementor-widget-container\"><h2 class=\"elementor-heading-title elementor-size-default\">Impresszum<\/h2><\/div><\/div><div class=\"elementor-element elementor-element-1aacd86 elementor-widget elementor-widget-text-editor\" data-id=\"1aacd86\" data-element_type=\"widget\" data-widget_type=\"text-editor.default\"><div class=\"elementor-widget-container\"><h3><strong>A szolg\u00e1ltat\u00f3 adatai<\/strong><\/h3><p>N\u00e9v: A.P.P. Kft.<br>Sz\u00e9khely: 9028, Gy\u0151r, Feh\u00e9rv\u00e1ri \u00fat 5<br>Levelez\u00e9si c\u00edm: 9028, Gy\u0151r, Feh\u00e9rv\u00e1ri \u00fat 5<br>C\u00e9gb\u00edr\u00f3s\u00e1g: Gy\u0151ri T\u00f6rv\u00e9nysz\u00e9k C\u00e9gb\u00edr\u00f3s\u00e1ga<br>C\u00e9gjegyz\u00e9ksz\u00e1m: 08-09-007336<br>Ad\u00f3sz\u00e1m: 11611989-2-08<br>K\u00e9pviseli: T\u00f3th Tam\u00e1s<br>E-mail: info@tudatostetok.hu<br>Honlap: https:\/\/tudatostetok.hu<\/p><h3><strong>T\u00e1rhelyszolg\u00e1ltat\u00f3 adatai<\/strong><\/h3><p>N\u00e9v: Rackforest Zrt.<br data-start=\"505\" data-end=\"508\">Sz\u00e9khely: 1132 Budapest, Victor Hugo utca 11. 5. em. B05001.<br data-start=\"580\" data-end=\"583\">El\u00e9rhet\u0151s\u00e9g: <a rel=\"noopener\" data-start=\"592\" data-end=\"610\">info@rackforest.hu<\/a><br data-start=\"610\" data-end=\"613\">Weboldal: <a class=\"\" href=\"https:\/\/rackforest.hu\" target=\"_new\" rel=\"noopener\" data-start=\"622\" data-end=\"643\">https:\/\/rackforest.hu<\/a> <\/p><\/div><\/div><\/div><\/div><\/div><\/div><\/div>\t\t\t\t\t\t\t\t<\/div>\n\t\t\t\t<\/div>\n\t\t\t\t\t<\/div>\n\t\t\t\t<\/div>\n\t\t\t\t<\/div>\n\t\t","protected":false},"excerpt":{"rendered":"<p>Impresszum A szolg\u00e1ltat\u00f3 adatai N\u00e9v: A.P.P. Kft.Sz\u00e9khely: 9028, Gy\u0151r, Feh\u00e9rv\u00e1ri \u00fat 5Levelez\u00e9si c\u00edm: 9028, Gy\u0151r, Feh\u00e9rv\u00e1ri \u00fat 5C\u00e9gb\u00edr\u00f3s\u00e1g: Gy\u0151ri T\u00f6rv\u00e9nysz\u00e9k C\u00e9gb\u00edr\u00f3s\u00e1gaC\u00e9gjegyz\u00e9ksz\u00e1m: 08-09-007336Ad\u00f3sz\u00e1m: 11611989-2-08K\u00e9pviseli: T\u00f3th Tam\u00e1sE-mail: info@tudatostetok.huHonlap: https:\/\/tudatostetok.hu T\u00e1rhelyszolg\u00e1ltat\u00f3 adatai N\u00e9v: Rackforest Zrt.Sz\u00e9khely: 1132 Budapest, Victor Hugo utca 11. 5. em. B05001.El\u00e9rhet\u0151s\u00e9g: info@rackforest.huWeboldal: https:\/\/rackforest.hu<\/p>\n","protected":false},"author":1,"featured_media":0,"parent":0,"menu_order":0,"comment_status":"closed","ping_status":"closed","template":"","meta":{"footnotes":""},"class_list":["post-109684","page","type-page","status-publish","hentry"],"_links":{"self":[{"href":"https:\/\/diademroofs.co.uk\/hu\/wp-json\/wp\/v2\/pages\/109684","targetHints":{"allow":["GET"]}}],"collection":[{"href":"https:\/\/diademroofs.co.uk\/hu\/wp-json\/wp\/v2\/pages"}],"about":[{"href":"https:\/\/diademroofs.co.uk\/hu\/wp-json\/wp\/v2\/types\/page"}],"author":[{"embeddable":true,"href":"https:\/\/diademroofs.co.uk\/hu\/wp-json\/wp\/v2\/users\/1"}],"replies":[{"embeddable":true,"href":"https:\/\/diademroofs.co.uk\/hu\/wp-json\/wp\/v2\/comments?post=109684"}],"version-history":[{"count":1,"href":"https:\/\/diademroofs.co.uk\/hu\/wp-json\/wp\/v2\/pages\/109684\/revisions"}],"predecessor-version":[{"id":109688,"href":"https:\/\/diademroofs.co.uk\/hu\/wp-json\/wp\/v2\/pages\/109684\/revisions\/109688"}],"wp:attachment":[{"href":"https:\/\/diademroofs.co.uk\/hu\/wp-json\/wp\/v2\/media?parent=109684"}],"curies":[{"name":"wp","href":"https:\/\/api.w.org\/{rel}","templated":true}]}}