{"id":105579,"date":"2024-02-08T17:15:00","date_gmt":"2024-02-08T16:15:00","guid":{"rendered":"https:\/\/diadem.com\/kontakt-diadem\/"},"modified":"2024-12-27T15:30:50","modified_gmt":"2024-12-27T14:30:50","slug":"kontakt-diadem","status":"publish","type":"page","link":"https:\/\/diademroofs.co.uk\/sr\/kontakt-diadem\/","title":{"rendered":"Kontakt Diadem"},"content":{"rendered":"\t\t<div data-elementor-type=\"wp-page\" data-elementor-id=\"105579\" class=\"elementor elementor-105579 elementor-48776\" data-elementor-post-type=\"page\">\n\t\t\t\t\t\t<section class=\"elementor-section elementor-top-section elementor-element elementor-element-c801b61 elementor-section-boxed elementor-section-height-default elementor-section-height-default\" data-id=\"c801b61\" data-element_type=\"section\" data-settings=\"{&quot;background_background&quot;:&quot;gradient&quot;}\">\n\t\t\t\t\t\t\t<div class=\"elementor-background-overlay\"><\/div>\n\t\t\t\t\t\t\t<div class=\"elementor-container elementor-column-gap-wider\">\n\t\t\t\t\t<div class=\"elementor-column elementor-col-33 elementor-top-column elementor-element elementor-element-d461b8d\" data-id=\"d461b8d\" data-element_type=\"column\" data-settings=\"{&quot;animation&quot;:&quot;none&quot;}\">\n\t\t\t<div class=\"elementor-widget-wrap elementor-element-populated\">\n\t\t\t\t\t\t<div class=\"elementor-element elementor-element-5203b49 content-align-tablet-left icon-vertical-align-tablet-start icon-position-top content-align-left icon-box-vertical-align-top icon-vertical-align-start elementor-widget elementor-widget-the7_icon_box_grid_widget\" data-id=\"5203b49\" data-element_type=\"widget\" data-widget_type=\"the7_icon_box_grid_widget.default\">\n\t\t\t\t<div class=\"elementor-widget-container\">\n\t\t\t\t\t<div class=\"the7-box-grid-wrapper the7-elementor-widget loading-effect-none the7_icon_box_grid_widget-5203b49\">\t\t\t<div class=\"dt-css-grid\">\n\t\t\t\t\t\t\t\t\t<div class=\"wf-cell shown\">\n\t\t\t\t\t\t<div class=\"the7-icon-box-grid\">\t\t\t\t\t\t\t<div class=\"box-content-wrapper\">\n\t\t\t\t\t\t\t\t\t\t\t\t\t\t\t\t\t<a class=\"elementor-icon-div\" aria-label=\"Radno vreme: Pon - Pet 9:00 - 19:00\">\t\t\t\t\t\t\t\t\t\t<div class=\"elementor-icon\">\n\t\t\t\t\t\t\t\t\t\t\t<svg xmlns=\"http:\/\/www.w3.org\/2000\/svg\" id=\"Layer_1\" data-name=\"Layer 1\" viewBox=\"0 0 24 24\" stroke-width=\"1.5\" width=\"100\" height=\"100\"><defs><style>.cls-637a50fc15c575900940066f-1{fill:none;stroke:currentColor;stroke-miterlimit:10;}<\/style><\/defs><path class=\"cls-637a50fc15c575900940066f-1\" d=\"M3.41,11H5.32a0,0,0,0,1,0,0v7.64a0,0,0,0,1,0,0H3.41A1.91,1.91,0,0,1,1.5,16.77V13A1.91,1.91,0,0,1,3.41,11Z\"><\/path><path class=\"cls-637a50fc15c575900940066f-1\" d=\"M18.68,11h1.91A1.91,1.91,0,0,1,22.5,13v3.82a1.91,1.91,0,0,1-1.91,1.91H18.68a0,0,0,0,1,0,0V11A0,0,0,0,1,18.68,11Z\"><\/path><path class=\"cls-637a50fc15c575900940066f-1\" d=\"M19.64,18.68h0a3.82,3.82,0,0,1-3.82,3.82H12\"><\/path><path class=\"cls-637a50fc15c575900940066f-1\" d=\"M4.36,11.05V9.14A7.64,7.64,0,0,1,12,1.5h0a7.64,7.64,0,0,1,7.64,7.64v1.91\"><\/path><\/svg>\t\t\t\t\t\t\t\t\t\t<\/div>\n\t\t\t\t\t\t\t\t\t<\/a>\t\t\t\t\t\t\t\t\t\t\t\t\t\t\t\t<div class=\"box-content\">\n\t\t\t\t\t\t\t\t\t\t\t\t\t\t\t\t\t\t\t\t\t\t\t\t\t\t\t\t\t<h4 class=\"box-heading\">\n\t\t\t\t\t\t\t\t\t\t\t<a aria-label=\"Radno vreme: Pon - Pet 9:00 - 19:00\">\t\t\t\t\t\t\t\t\t\t\t\tRadno vreme: Pon - Pet 9:00 - 19:00\t\t\t\t\t\t\t\t\t\t\t<\/a>\t\t\t\t\t\t\t\t\t\t<\/h4>\n\t\t\t\t\t\t\t\t\t\t\t\t\t\t\t\t\t\t\t\t\t\t\t\t\t\t\t\t<div class=\"box-description\">Tel.: +36 96 \/ 512 910 <\/div>\n\t\t\t\t\t\t\t\t\t\t\t\t\t\t\t\t\t\t\t\t\t\t\t\t\t\t<\/div>\n\t\t\t\t\t\t\t<\/div>\n\t\t\t\t\t\t<\/div>\t\t\t\t\t<\/div>\n\t\t\t\t\t\t\t\t\t<div class=\"wf-cell shown\">\n\t\t\t\t\t\t<div class=\"the7-icon-box-grid\">\t\t\t\t\t\t\t<div class=\"box-content-wrapper\">\n\t\t\t\t\t\t\t\t\t\t\t\t\t\t\t\t\t<a class=\"elementor-icon-div\" aria-label=\"Gy\u0151r, Hungary\">\t\t\t\t\t\t\t\t\t\t<div class=\"elementor-icon\">\n\t\t\t\t\t\t\t\t\t\t\t<svg xmlns=\"http:\/\/www.w3.org\/2000\/svg\" viewBox=\"0 0 24 24\" stroke-width=\"1.5\" width=\"100\" height=\"100\"><defs><style>.cls-6375f1aeb67f094e4896ca17-1,.cls-6375f1aeb67f094e4896ca17-2{fill:none;stroke:currentColor;stroke-miterlimit:10;}.cls-6375f1aeb67f094e4896ca17-2{stroke-linecap:square;}<\/style><\/defs><g id=\"office\"><line class=\"cls-6375f1aeb67f094e4896ca17-1\" x1=\"11.04\" y1=\"14.88\" x2=\"12.96\" y2=\"14.88\"><\/line><line class=\"cls-6375f1aeb67f094e4896ca17-1\" x1=\"11.04\" y1=\"11.04\" x2=\"12.96\" y2=\"11.04\"><\/line><line class=\"cls-6375f1aeb67f094e4896ca17-1\" x1=\"11.04\" y1=\"7.21\" x2=\"12.96\" y2=\"7.21\"><\/line><line class=\"cls-6375f1aeb67f094e4896ca17-1\" x1=\"7.21\" y1=\"14.88\" x2=\"9.13\" y2=\"14.88\"><\/line><line class=\"cls-6375f1aeb67f094e4896ca17-1\" x1=\"7.21\" y1=\"11.04\" x2=\"9.13\" y2=\"11.04\"><\/line><line class=\"cls-6375f1aeb67f094e4896ca17-1\" x1=\"7.21\" y1=\"7.21\" x2=\"9.13\" y2=\"7.21\"><\/line><line class=\"cls-6375f1aeb67f094e4896ca17-1\" x1=\"14.88\" y1=\"14.88\" x2=\"16.79\" y2=\"14.88\"><\/line><line class=\"cls-6375f1aeb67f094e4896ca17-1\" x1=\"14.88\" y1=\"11.04\" x2=\"16.79\" y2=\"11.04\"><\/line><line class=\"cls-6375f1aeb67f094e4896ca17-1\" x1=\"14.88\" y1=\"7.21\" x2=\"16.79\" y2=\"7.21\"><\/line><rect class=\"cls-6375f1aeb67f094e4896ca17-2\" x=\"9.13\" y=\"18.71\" width=\"5.75\" height=\"3.83\"><\/rect><line class=\"cls-6375f1aeb67f094e4896ca17-1\" x1=\"23.5\" y1=\"22.54\" x2=\"0.5\" y2=\"22.54\"><\/line><polygon class=\"cls-6375f1aeb67f094e4896ca17-2\" points=\"16.79 3.38 16.79 1.46 7.21 1.46 7.21 3.38 4.33 3.38 4.33 22.54 19.67 22.54 19.67 3.38 16.79 3.38\"><\/polygon><\/g><\/svg>\t\t\t\t\t\t\t\t\t\t<\/div>\n\t\t\t\t\t\t\t\t\t<\/a>\t\t\t\t\t\t\t\t\t\t\t\t\t\t\t\t<div class=\"box-content\">\n\t\t\t\t\t\t\t\t\t\t\t\t\t\t\t\t\t\t\t\t\t\t\t\t\t\t\t\t\t<h4 class=\"box-heading\">\n\t\t\t\t\t\t\t\t\t\t\t<a aria-label=\"Gy\u0151r, Hungary\">\t\t\t\t\t\t\t\t\t\t\t\tGy\u0151r, Hungary\t\t\t\t\t\t\t\t\t\t\t<\/a>\t\t\t\t\t\t\t\t\t\t<\/h4>\n\t\t\t\t\t\t\t\t\t\t\t\t\t\t\t\t\t\t\t\t\t\t\t\t\t\t\t\t<div class=\"box-description\">A.P.P. Kft. H-9028, Gy\u0151r Feh\u00e9rv\u00e1ri \u00fat 75.<\/div>\n\t\t\t\t\t\t\t\t\t\t\t\t\t\t\t\t\t\t\t\t\t\t\t\t\t\t<\/div>\n\t\t\t\t\t\t\t<\/div>\n\t\t\t\t\t\t<\/div>\t\t\t\t\t<\/div>\n\t\t\t\t\t\t\t\t\t<div class=\"wf-cell shown\">\n\t\t\t\t\t\t<div class=\"the7-icon-box-grid\">\t\t\t\t\t\t\t<div class=\"box-content-wrapper\">\n\t\t\t\t\t\t\t\t\t\t\t\t\t\t\t\t\t<a class=\"elementor-icon-div\" aria-label=\"Pi\u0161ite nam!\">\t\t\t\t\t\t\t\t\t\t<div class=\"elementor-icon\">\n\t\t\t\t\t\t\t\t\t\t\t<svg xmlns=\"http:\/\/www.w3.org\/2000\/svg\" id=\"Layer_1\" data-name=\"Layer 1\" viewBox=\"0 0 24 24\" stroke-width=\"1.5\" width=\"100\" height=\"100\"><defs><style>.cls-637b8512f95e86b59c57a115-1{fill:none;stroke:currentColor;stroke-miterlimit:10;}<\/style><\/defs><circle class=\"cls-637b8512f95e86b59c57a115-1\" cx=\"12\" cy=\"12\" r=\"2.86\"><\/circle><path class=\"cls-637b8512f95e86b59c57a115-1\" d=\"M14.86,8.18v6a1.67,1.67,0,0,0,1.67,1.67h0a1.64,1.64,0,0,0,1.48-.9,6.65,6.65,0,0,0,.63-3.67,6.69,6.69,0,1,0-4.23,7\"><\/path><rect class=\"cls-637b8512f95e86b59c57a115-1\" x=\"1.5\" y=\"1.5\" width=\"21\" height=\"21\" rx=\"3.82\"><\/rect><\/svg>\t\t\t\t\t\t\t\t\t\t<\/div>\n\t\t\t\t\t\t\t\t\t<\/a>\t\t\t\t\t\t\t\t\t\t\t\t\t\t\t\t<div class=\"box-content\">\n\t\t\t\t\t\t\t\t\t\t\t\t\t\t\t\t\t\t\t\t\t\t\t\t\t\t\t\t\t<h4 class=\"box-heading\">\n\t\t\t\t\t\t\t\t\t\t\t<a aria-label=\"Pi\u0161ite nam!\">\t\t\t\t\t\t\t\t\t\t\t\tPi\u0161ite nam!\t\t\t\t\t\t\t\t\t\t\t<\/a>\t\t\t\t\t\t\t\t\t\t<\/h4>\n\t\t\t\t\t\t\t\t\t\t\t\t\t\t\t\t\t\t\t\t\t\t\t\t\t\t\t\t<div class=\"box-description\">info@diadem.com <\/div>\n\t\t\t\t\t\t\t\t\t\t\t\t\t\t\t\t\t\t\t\t\t\t\t\t\t\t<\/div>\n\t\t\t\t\t\t\t<\/div>\n\t\t\t\t\t\t<\/div>\t\t\t\t\t<\/div>\n\t\t\t\t\t\t\t\t\t<div class=\"wf-cell shown\">\n\t\t\t\t\t\t<div class=\"the7-icon-box-grid\">\t\t\t\t\t\t\t<div class=\"box-content-wrapper\">\n\t\t\t\t\t\t\t\t\t\t\t\t\t\t\t\t\t<a class=\"elementor-icon-div\" aria-label=\"Informacije banke\">\t\t\t\t\t\t\t\t\t\t<div class=\"elementor-icon\">\n\t\t\t\t\t\t\t\t\t\t\t<svg aria-hidden=\"true\" class=\"e-font-icon-svg e-fas-info-circle\" viewBox=\"0 0 512 512\" xmlns=\"http:\/\/www.w3.org\/2000\/svg\"><path d=\"M256 8C119.043 8 8 119.083 8 256c0 136.997 111.043 248 248 248s248-111.003 248-248C504 119.083 392.957 8 256 8zm0 110c23.196 0 42 18.804 42 42s-18.804 42-42 42-42-18.804-42-42 18.804-42 42-42zm56 254c0 6.627-5.373 12-12 12h-88c-6.627 0-12-5.373-12-12v-24c0-6.627 5.373-12 12-12h12v-64h-12c-6.627 0-12-5.373-12-12v-24c0-6.627 5.373-12 12-12h64c6.627 0 12 5.373 12 12v100h12c6.627 0 12 5.373 12 12v24z\"><\/path><\/svg>\t\t\t\t\t\t\t\t\t\t<\/div>\n\t\t\t\t\t\t\t\t\t<\/a>\t\t\t\t\t\t\t\t\t\t\t\t\t\t\t\t<div class=\"box-content\">\n\t\t\t\t\t\t\t\t\t\t\t\t\t\t\t\t\t\t\t\t\t\t\t\t\t\t\t\t\t<h4 class=\"box-heading\">\n\t\t\t\t\t\t\t\t\t\t\t<a aria-label=\"Informacije banke\">\t\t\t\t\t\t\t\t\t\t\t\tInformacije banke\t\t\t\t\t\t\t\t\t\t\t<\/a>\t\t\t\t\t\t\t\t\t\t<\/h4>\n\t\t\t\t\t\t\t\t\t\t\t\t\t\t\t\t\t\t\t\t\t\t\t\t\t\t\t\t<div class=\"box-description\"> Bank: UniCredit Bank Hungary Zrt. <br> H-9021 Gy\u0151r, \u00c1rp\u00e1d u. 45. <br>IBAN number: HU77109180010000043128640006 <br>SWIFT code: BACXHUHB <br>EU VAT: HU 11611989  <br>\n<\/div>\n\t\t\t\t\t\t\t\t\t\t\t\t\t\t\t\t\t\t\t\t\t\t\t\t\t\t<\/div>\n\t\t\t\t\t\t\t<\/div>\n\t\t\t\t\t\t<\/div>\t\t\t\t\t<\/div>\n\t\t\t\t\t\t\t<\/div>\n\t\t<\/div>\t\t\t\t<\/div>\n\t\t\t\t<\/div>\n\t\t\t\t\t<\/div>\n\t\t<\/div>\n\t\t\t\t<div class=\"elementor-column elementor-col-66 elementor-top-column elementor-element elementor-element-3e99556\" data-id=\"3e99556\" data-element_type=\"column\">\n\t\t\t<div class=\"elementor-widget-wrap elementor-element-populated\">\n\t\t\t\t\t\t<div class=\"elementor-element elementor-element-0fd64ca elementor-widget elementor-widget-heading\" data-id=\"0fd64ca\" data-element_type=\"widget\" data-widget_type=\"heading.default\">\n\t\t\t\t<div class=\"elementor-widget-container\">\n\t\t\t\t\t<h3 class=\"elementor-heading-title elementor-size-default\">Napravite online upitnik<\/h3>\t\t\t\t<\/div>\n\t\t\t\t<\/div>\n\t\t\t\t<div class=\"elementor-element elementor-element-726100d elementor-widget elementor-widget-spacer\" data-id=\"726100d\" data-element_type=\"widget\" data-widget_type=\"spacer.default\">\n\t\t\t\t<div class=\"elementor-widget-container\">\n\t\t\t\t\t\t\t<div class=\"elementor-spacer\">\n\t\t\t<div class=\"elementor-spacer-inner\"><\/div>\n\t\t<\/div>\n\t\t\t\t\t\t<\/div>\n\t\t\t\t<\/div>\n\t\t\t\t<div class=\"elementor-element elementor-element-9c97bf5 elementor-widget elementor-widget-text-editor\" data-id=\"9c97bf5\" data-element_type=\"widget\" data-widget_type=\"text-editor.default\">\n\t\t\t\t<div class=\"elementor-widget-container\">\n\t\t\t\t\t\t\t\t\t<p>Imate pitanja? Ideje? Ispunite na\u0161 formular u nastavku da biste dobili na\u0161u ponudu.   <\/p>\n\t\t\t\t\t\t\t\t<\/div>\n\t\t\t\t<\/div>\n\t\t\t\t<div class=\"elementor-element elementor-element-eacb8ef elementor-widget elementor-widget-spacer\" data-id=\"eacb8ef\" data-element_type=\"widget\" data-widget_type=\"spacer.default\">\n\t\t\t\t<div class=\"elementor-widget-container\">\n\t\t\t\t\t\t\t<div class=\"elementor-spacer\">\n\t\t\t<div class=\"elementor-spacer-inner\"><\/div>\n\t\t<\/div>\n\t\t\t\t\t\t<\/div>\n\t\t\t\t<\/div>\n\t\t\t\t<div class=\"elementor-element elementor-element-19719ed elementor-button-align-stretch elementor-widget elementor-widget-form\" data-id=\"19719ed\" data-element_type=\"widget\" data-settings=\"{&quot;step_next_label&quot;:&quot;Sljede\\u0107e&quot;,&quot;step_previous_label&quot;:&quot;Prije&quot;,&quot;button_width&quot;:&quot;100&quot;,&quot;step_type&quot;:&quot;number_text&quot;,&quot;step_icon_shape&quot;:&quot;circle&quot;}\" data-widget_type=\"form.default\">\n\t\t\t\t<div class=\"elementor-widget-container\">\n\t\t\t\t\t\t\t<form class=\"elementor-form\" method=\"post\" name=\"Novi upitnik\">\n\t\t\t<input type=\"hidden\" name=\"post_id\" value=\"105579\"\/>\n\t\t\t<input type=\"hidden\" name=\"form_id\" value=\"19719ed\"\/>\n\t\t\t<input type=\"hidden\" name=\"referer_title\" value=\"\" \/>\n\n\t\t\t\n\t\t\t<div class=\"elementor-form-fields-wrapper elementor-labels-above\">\n\t\t\t\t\t\t\t\t<div class=\"elementor-field-type-text elementor-field-group elementor-column elementor-field-group-name elementor-col-50 elementor-field-required elementor-mark-required\">\n\t\t\t\t\t\t\t\t\t\t\t\t<label for=\"form-field-name\" class=\"elementor-field-label\">\n\t\t\t\t\t\t\t\tIme\t\t\t\t\t\t\t<\/label>\n\t\t\t\t\t\t\t\t\t\t\t\t\t\t<input size=\"1\" type=\"text\" name=\"form_fields[name]\" id=\"form-field-name\" class=\"elementor-field elementor-size-md  elementor-field-textual\" required=\"required\">\n\t\t\t\t\t\t\t\t\t\t\t<\/div>\n\t\t\t\t\t\t\t\t<div class=\"elementor-field-type-email elementor-field-group elementor-column elementor-field-group-email elementor-col-50 elementor-field-required elementor-mark-required\">\n\t\t\t\t\t\t\t\t\t\t\t\t<label for=\"form-field-email\" class=\"elementor-field-label\">\n\t\t\t\t\t\t\t\tEmail\t\t\t\t\t\t\t<\/label>\n\t\t\t\t\t\t\t\t\t\t\t\t\t\t<input size=\"1\" type=\"email\" name=\"form_fields[email]\" id=\"form-field-email\" class=\"elementor-field elementor-size-md  elementor-field-textual\" required=\"required\">\n\t\t\t\t\t\t\t\t\t\t\t<\/div>\n\t\t\t\t\t\t\t\t<div class=\"elementor-field-type-text elementor-field-group elementor-column elementor-field-group-field_d5aad89 elementor-col-50\">\n\t\t\t\t\t\t\t\t\t\t\t\t<label for=\"form-field-field_d5aad89\" class=\"elementor-field-label\">\n\t\t\t\t\t\t\t\tVa\u0161 budzet\t\t\t\t\t\t\t<\/label>\n\t\t\t\t\t\t\t\t\t\t\t\t\t\t<input size=\"1\" type=\"text\" name=\"form_fields[field_d5aad89]\" id=\"form-field-field_d5aad89\" class=\"elementor-field elementor-size-md  elementor-field-textual\">\n\t\t\t\t\t\t\t\t\t\t\t<\/div>\n\t\t\t\t\t\t\t\t<div class=\"elementor-field-type-text elementor-field-group elementor-column elementor-field-group-field_8a455b8 elementor-col-50\">\n\t\t\t\t\t\t\t\t\t\t\t\t<label for=\"form-field-field_8a455b8\" class=\"elementor-field-label\">\n\t\t\t\t\t\t\t\tVremenski okvir\t\t\t\t\t\t\t<\/label>\n\t\t\t\t\t\t\t\t\t\t\t\t\t\t<input size=\"1\" type=\"text\" name=\"form_fields[field_8a455b8]\" id=\"form-field-field_8a455b8\" class=\"elementor-field elementor-size-md  elementor-field-textual\">\n\t\t\t\t\t\t\t\t\t\t\t<\/div>\n\t\t\t\t\t\t\t\t<div class=\"elementor-field-type-textarea elementor-field-group elementor-column elementor-field-group-message elementor-col-100 elementor-field-required elementor-mark-required\">\n\t\t\t\t\t\t\t\t\t\t\t\t<label for=\"form-field-message\" class=\"elementor-field-label\">\n\t\t\t\t\t\t\t\tRecite nam ne\u0161to o va\u0161em projektu\t\t\t\t\t\t\t<\/label>\n\t\t\t\t\t\t<textarea class=\"elementor-field-textual elementor-field  elementor-size-md\" name=\"form_fields[message]\" id=\"form-field-message\" rows=\"9\" required=\"required\"><\/textarea>\t\t\t\t<\/div>\n\t\t\t\t\t\t\t\t<div class=\"elementor-field-type-recaptcha elementor-field-group elementor-column elementor-field-group-field_2ec6e9b elementor-col-100\">\n\t\t\t\t\t<div class=\"elementor-field\" id=\"form-field-field_2ec6e9b\"><div class=\"elementor-g-recaptcha\" data-sitekey=\"6LdSyVsqAAAAAG7BOaW7cCh94jJgnYhsJyuA9Og8\" data-type=\"v2_checkbox\" data-theme=\"light\" data-size=\"normal\"><\/div><\/div>\t\t\t\t<\/div>\n\t\t\t\t\t\t\t\t<div class=\"elementor-field-group elementor-column elementor-field-type-submit elementor-col-100 e-form__buttons\">\n\t\t\t\t\t<button class=\"elementor-button elementor-size-lg\" type=\"submit\">\n\t\t\t\t\t\t<span class=\"elementor-button-content-wrapper\">\n\t\t\t\t\t\t\t\t\t\t\t\t\t\t\t\t\t\t\t\t\t\t<span class=\"elementor-button-text\">Podneti<\/span>\n\t\t\t\t\t\t\t\t\t\t\t\t\t<\/span>\n\t\t\t\t\t<\/button>\n\t\t\t\t<\/div>\n\t\t\t<\/div>\n\t\t<\/form>\n\t\t\t\t\t\t<\/div>\n\t\t\t\t<\/div>\n\t\t\t\t\t<\/div>\n\t\t<\/div>\n\t\t\t\t\t<\/div>\n\t\t<\/section>\n\t\t\t\t<\/div>\n\t\t","protected":false},"excerpt":{"rendered":"<p>Radno vreme: Pon &#8211; Pet 9:00 &#8211; 19:00 Tel.: +36 96 \/ 512 910 Gy\u0151r, Hungary A.P.P. Kft. H-9028, Gy\u0151r Feh\u00e9rv\u00e1ri \u00fat 75. Pi\u0161ite nam! info@diadem.com Informacije banke Bank: UniCredit Bank Hungary Zrt. H-9021 Gy\u0151r, \u00c1rp\u00e1d u. 45. IBAN number: HU77109180010000043128640006 SWIFT code: BACXHUHB EU VAT: HU 11611989 Napravite online upitnik Imate pitanja? Ideje? Ispunite&hellip;<\/p>\n","protected":false},"author":1,"featured_media":0,"parent":0,"menu_order":277,"comment_status":"closed","ping_status":"closed","template":"elementor_header_footer","meta":{"footnotes":""},"class_list":["post-105579","page","type-page","status-publish","hentry"],"_links":{"self":[{"href":"https:\/\/diademroofs.co.uk\/sr\/wp-json\/wp\/v2\/pages\/105579","targetHints":{"allow":["GET"]}}],"collection":[{"href":"https:\/\/diademroofs.co.uk\/sr\/wp-json\/wp\/v2\/pages"}],"about":[{"href":"https:\/\/diademroofs.co.uk\/sr\/wp-json\/wp\/v2\/types\/page"}],"author":[{"embeddable":true,"href":"https:\/\/diademroofs.co.uk\/sr\/wp-json\/wp\/v2\/users\/1"}],"replies":[{"embeddable":true,"href":"https:\/\/diademroofs.co.uk\/sr\/wp-json\/wp\/v2\/comments?post=105579"}],"version-history":[{"count":1,"href":"https:\/\/diademroofs.co.uk\/sr\/wp-json\/wp\/v2\/pages\/105579\/revisions"}],"predecessor-version":[{"id":105583,"href":"https:\/\/diademroofs.co.uk\/sr\/wp-json\/wp\/v2\/pages\/105579\/revisions\/105583"}],"wp:attachment":[{"href":"https:\/\/diademroofs.co.uk\/sr\/wp-json\/wp\/v2\/media?parent=105579"}],"curies":[{"name":"wp","href":"https:\/\/api.w.org\/{rel}","templated":true}]}}