{"id":106595,"date":"2024-11-19T12:50:38","date_gmt":"2024-11-19T11:50:38","guid":{"rendered":"https:\/\/diadem.com\/diadem-online\/"},"modified":"2025-01-29T22:07:21","modified_gmt":"2025-01-29T21:07:21","slug":"diadem-online","status":"publish","type":"page","link":"https:\/\/diademroofs.co.uk\/sr\/diadem-online\/","title":{"rendered":"Diadem Online"},"content":{"rendered":"\t\t<div data-elementor-type=\"wp-page\" data-elementor-id=\"106595\" class=\"elementor elementor-106595 elementor-104765\" data-elementor-post-type=\"page\">\n\t\t\t\t<div class=\"elementor-element elementor-element-60fb28a e-flex e-con-boxed e-con e-parent\" data-id=\"60fb28a\" data-element_type=\"container\" data-settings=\"{&quot;background_background&quot;:&quot;classic&quot;}\">\n\t\t\t\t\t<div class=\"e-con-inner\">\n\t\t\t\t<div class=\"elementor-element elementor-element-bc70912 elementor-widget elementor-widget-heading\" data-id=\"bc70912\" data-element_type=\"widget\" data-widget_type=\"heading.default\">\n\t\t\t\t<div class=\"elementor-widget-container\">\n\t\t\t\t\t<h2 class=\"elementor-heading-title elementor-size-default\">Diadem Online<\/h2>\t\t\t\t<\/div>\n\t\t\t\t<\/div>\n\t\t\t\t\t<\/div>\n\t\t\t\t<\/div>\n\t\t<div class=\"elementor-element elementor-element-c1088fc e-flex e-con-boxed e-con e-parent\" data-id=\"c1088fc\" data-element_type=\"container\" data-settings=\"{&quot;background_background&quot;:&quot;classic&quot;}\">\n\t\t\t\t\t<div class=\"e-con-inner\">\n\t\t\t\t<div class=\"elementor-element elementor-element-e506194 elementor-widget elementor-widget-heading\" data-id=\"e506194\" data-element_type=\"widget\" data-widget_type=\"heading.default\">\n\t\t\t\t<div class=\"elementor-widget-container\">\n\t\t\t\t\t<h2 class=\"elementor-heading-title elementor-size-default\">Po\u010dinje nova era<\/h2>\t\t\t\t<\/div>\n\t\t\t\t<\/div>\n\t\t\t\t<div class=\"elementor-element elementor-element-16155ea elementor-widget elementor-widget-text-editor\" data-id=\"16155ea\" data-element_type=\"widget\" data-widget_type=\"text-editor.default\">\n\t\t\t\t<div class=\"elementor-widget-container\">\n\t\t\t\t\t\t\t\t\t<p style=\"text-align: center;\">Kreirajte instalacionu dokumentaciju sidrenih ure\u0111aja na svom ra\u010dunaru ili pametnom telefonu uz pomoc\u0301 DIADEM\u00ae Online &#8211; lako i brzo!<\/p>\n<\/p>\n<p style=\"text-align: center;\">Program kreira PDF za \u0161tampanje, \u010duvanje ili prosle\u0111ivanje.<\/p>\n<\/p>\n<p style=\"text-align: center;\">Podaci i projekti va\u0161e kompanije se \u010duvaju tako da mo\u017eete da im pristupite u bilo kom trenutku.<\/p>\n<\/p>\n<p style=\"text-align: center;\"><strong>Po\u010dnite odmah! (ovo je cta)<\/strong><\/p>\n\t\t\t\t\t\t\t\t<\/div>\n\t\t\t\t<\/div>\n\t\t\t\t<div class=\"elementor-element elementor-element-f5b4e2a elementor-align-center elementor-widget elementor-widget-the7_button_widget\" data-id=\"f5b4e2a\" data-element_type=\"widget\" data-widget_type=\"the7_button_widget.default\">\n\t\t\t\t<div class=\"elementor-widget-container\">\n\t\t\t\t\t<div class=\"elementor-button-wrapper\"><a href=\"https:\/\/reg.diadem.com\/#\/\" target=\"_blank\" class=\"box-button elementor-button elementor-size-xl\">START<\/a><\/div>\t\t\t\t<\/div>\n\t\t\t\t<\/div>\n\t\t\t\t\t<\/div>\n\t\t\t\t<\/div>\n\t\t<div class=\"elementor-element elementor-element-02ec986 e-flex e-con-boxed e-con e-parent\" data-id=\"02ec986\" data-element_type=\"container\">\n\t\t\t\t\t<div class=\"e-con-inner\">\n\t\t<div class=\"elementor-element elementor-element-549c700 e-con-full e-flex e-con e-child\" data-id=\"549c700\" data-element_type=\"container\">\n\t\t\t\t<div class=\"elementor-element elementor-element-abdbe73 elementor-widget elementor-widget-text-editor\" data-id=\"abdbe73\" data-element_type=\"widget\" data-widget_type=\"text-editor.default\">\n\t\t\t\t<div class=\"elementor-widget-container\">\n\t\t\t\t\t\t\t\t\t<p><strong><a href=\"https:\/\/www.youtube.com\/watch?v=gHbsxbaqdsE\" target=\"_blank\" rel=\"noopener\" data-saferedirecturl=\"https:\/\/www.google.com\/url?q=https:\/\/www.youtube.com\/watch?v%3DgHbsxbaqdsE&amp;source=gmail&amp;ust=1732107758407000&amp;usg=AOvVaw0uZMz-uO_sFRmQioxyn8R1\">DIADEM\u00ae Online &#8211; Registration<\/a><\/strong><\/p>\n\t\t\t\t\t\t\t\t<\/div>\n\t\t\t\t<\/div>\n\t\t\t\t<div class=\"elementor-element elementor-element-543eb8b elementor-widget elementor-widget-video\" data-id=\"543eb8b\" data-element_type=\"widget\" data-settings=\"{&quot;youtube_url&quot;:&quot;https:\\\/\\\/www.youtube.com\\\/watch?v=gHbsxbaqdsE&quot;,&quot;video_type&quot;:&quot;youtube&quot;,&quot;controls&quot;:&quot;yes&quot;}\" data-widget_type=\"video.default\">\n\t\t\t\t<div class=\"elementor-widget-container\">\n\t\t\t\t\t\t\t<div class=\"elementor-wrapper elementor-open-inline\">\n\t\t\t<div class=\"elementor-video\"><\/div>\t\t<\/div>\n\t\t\t\t\t\t<\/div>\n\t\t\t\t<\/div>\n\t\t\t\t<\/div>\n\t\t<div class=\"elementor-element elementor-element-a5081bc e-con-full e-flex e-con e-child\" data-id=\"a5081bc\" data-element_type=\"container\">\n\t\t\t\t<div class=\"elementor-element elementor-element-93ae226 elementor-widget elementor-widget-text-editor\" data-id=\"93ae226\" data-element_type=\"widget\" data-widget_type=\"text-editor.default\">\n\t\t\t\t<div class=\"elementor-widget-container\">\n\t\t\t\t\t\t\t\t\t<p><strong><a href=\"https:\/\/www.youtube.com\/watch?v=LCtrK7UGnvs\" target=\"_blank\" rel=\"noopener\" data-saferedirecturl=\"https:\/\/www.google.com\/url?q=https:\/\/www.youtube.com\/watch?v%3DLCtrK7UGnvs&amp;source=gmail&amp;ust=1732107758407000&amp;usg=AOvVaw0tmt1mQLXE2LKg7rOAw2wj\">DIADEM\u00ae Online &#8211; Projekte verwalten<\/a><\/strong><\/p>\n\t\t\t\t\t\t\t\t<\/div>\n\t\t\t\t<\/div>\n\t\t\t\t<div class=\"elementor-element elementor-element-d57aeee elementor-widget elementor-widget-video\" data-id=\"d57aeee\" data-element_type=\"widget\" data-settings=\"{&quot;youtube_url&quot;:&quot;https:\\\/\\\/www.youtube.com\\\/watch?v=LCtrK7UGnvs&quot;,&quot;video_type&quot;:&quot;youtube&quot;,&quot;controls&quot;:&quot;yes&quot;}\" data-widget_type=\"video.default\">\n\t\t\t\t<div class=\"elementor-widget-container\">\n\t\t\t\t\t\t\t<div class=\"elementor-wrapper elementor-open-inline\">\n\t\t\t<div class=\"elementor-video\"><\/div>\t\t<\/div>\n\t\t\t\t\t\t<\/div>\n\t\t\t\t<\/div>\n\t\t\t\t<\/div>\n\t\t<div class=\"elementor-element elementor-element-90c73a9 e-con-full e-flex e-con e-child\" data-id=\"90c73a9\" data-element_type=\"container\">\n\t\t\t\t<div class=\"elementor-element elementor-element-9741131 elementor-widget elementor-widget-text-editor\" data-id=\"9741131\" data-element_type=\"widget\" data-widget_type=\"text-editor.default\">\n\t\t\t\t<div class=\"elementor-widget-container\">\n\t\t\t\t\t\t\t\t\t<p><strong><a href=\"https:\/\/www.youtube.com\/watch?v=mjPpccxl0ro\" target=\"_blank\" rel=\"noopener\" data-saferedirecturl=\"https:\/\/www.google.com\/url?q=https:\/\/www.youtube.com\/watch?v%3DmjPpccxl0ro&amp;source=gmail&amp;ust=1732107758407000&amp;usg=AOvVaw2yBUo43jDqFMmtjAzyUVe6\">DIADEM\u00ae Online &#8211; Projektek kezel\u00e9se<\/a><\/strong><\/p>\n\t\t\t\t\t\t\t\t<\/div>\n\t\t\t\t<\/div>\n\t\t\t\t<div class=\"elementor-element elementor-element-d0876cb elementor-widget elementor-widget-video\" data-id=\"d0876cb\" data-element_type=\"widget\" data-settings=\"{&quot;youtube_url&quot;:&quot;https:\\\/\\\/www.youtube.com\\\/watch?v=mjPpccxl0ro&quot;,&quot;video_type&quot;:&quot;youtube&quot;,&quot;controls&quot;:&quot;yes&quot;}\" data-widget_type=\"video.default\">\n\t\t\t\t<div class=\"elementor-widget-container\">\n\t\t\t\t\t\t\t<div class=\"elementor-wrapper elementor-open-inline\">\n\t\t\t<div class=\"elementor-video\"><\/div>\t\t<\/div>\n\t\t\t\t\t\t<\/div>\n\t\t\t\t<\/div>\n\t\t\t\t<\/div>\n\t\t\t\t\t<\/div>\n\t\t\t\t<\/div>\n\t\t\t\t<\/div>\n\t\t","protected":false},"excerpt":{"rendered":"<p>Diadem Online Po\u010dinje nova era Kreirajte instalacionu dokumentaciju sidrenih ure\u0111aja na svom ra\u010dunaru ili pametnom telefonu uz pomoc\u0301 DIADEM\u00ae Online &#8211; lako i brzo! Program kreira PDF za \u0161tampanje, \u010duvanje ili prosle\u0111ivanje. Podaci i projekti va\u0161e kompanije se \u010duvaju tako da mo\u017eete da im pristupite u bilo kom trenutku. Po\u010dnite odmah! (ovo je cta) START&hellip;<\/p>\n","protected":false},"author":1,"featured_media":0,"parent":0,"menu_order":0,"comment_status":"closed","ping_status":"closed","template":"","meta":{"footnotes":""},"class_list":["post-106595","page","type-page","status-publish","hentry"],"_links":{"self":[{"href":"https:\/\/diademroofs.co.uk\/sr\/wp-json\/wp\/v2\/pages\/106595","targetHints":{"allow":["GET"]}}],"collection":[{"href":"https:\/\/diademroofs.co.uk\/sr\/wp-json\/wp\/v2\/pages"}],"about":[{"href":"https:\/\/diademroofs.co.uk\/sr\/wp-json\/wp\/v2\/types\/page"}],"author":[{"embeddable":true,"href":"https:\/\/diademroofs.co.uk\/sr\/wp-json\/wp\/v2\/users\/1"}],"replies":[{"embeddable":true,"href":"https:\/\/diademroofs.co.uk\/sr\/wp-json\/wp\/v2\/comments?post=106595"}],"version-history":[{"count":3,"href":"https:\/\/diademroofs.co.uk\/sr\/wp-json\/wp\/v2\/pages\/106595\/revisions"}],"predecessor-version":[{"id":106768,"href":"https:\/\/diademroofs.co.uk\/sr\/wp-json\/wp\/v2\/pages\/106595\/revisions\/106768"}],"wp:attachment":[{"href":"https:\/\/diademroofs.co.uk\/sr\/wp-json\/wp\/v2\/media?parent=106595"}],"curies":[{"name":"wp","href":"https:\/\/api.w.org\/{rel}","templated":true}]}}